{"id":240,"date":"2019-01-07T18:38:14","date_gmt":"2019-01-07T18:38:14","guid":{"rendered":"http:\/\/www.eper.bzh\/?page_id=240"},"modified":"2019-01-07T18:38:14","modified_gmt":"2019-01-07T18:38:14","slug":"contact","status":"publish","type":"page","link":"https:\/\/eper.bzh\/index.php\/contact\/","title":{"rendered":"Contact"},"content":{"rendered":"\n<div class=\"wpcf7 no-js\" id=\"wpcf7-f24-o1\" lang=\"fr-FR\" dir=\"ltr\" data-wpcf7-id=\"24\">\n<div class=\"screen-reader-response\"><p role=\"status\" aria-live=\"polite\" aria-atomic=\"true\"><\/p> <ul><\/ul><\/div>\n<form action=\"\/index.php\/wp-json\/wp\/v2\/pages\/240#wpcf7-f24-o1\" method=\"post\" class=\"wpcf7-form init\" aria-label=\"Formulaire de contact\" novalidate=\"novalidate\" data-status=\"init\">\n<fieldset class=\"hidden-fields-container\"><input type=\"hidden\" name=\"_wpcf7\" value=\"24\" \/><input type=\"hidden\" name=\"_wpcf7_version\" value=\"6.1.5\" \/><input type=\"hidden\" name=\"_wpcf7_locale\" value=\"fr_FR\" \/><input type=\"hidden\" name=\"_wpcf7_unit_tag\" value=\"wpcf7-f24-o1\" \/><input type=\"hidden\" name=\"_wpcf7_container_post\" value=\"0\" \/><input type=\"hidden\" name=\"_wpcf7_posted_data_hash\" value=\"\" \/>\n<\/fieldset>\n<p><label> Votre nom (obligatoire)<br \/>\n<span class=\"wpcf7-form-control-wrap\" data-name=\"your-name\"><input size=\"40\" maxlength=\"400\" class=\"wpcf7-form-control wpcf7-text wpcf7-validates-as-required\" aria-required=\"true\" aria-invalid=\"false\" value=\"\" type=\"text\" name=\"your-name\" \/><\/span> <\/label>\n<\/p>\n<p><label> Votre adresse de messagerie (obligatoire)<br \/>\n<span class=\"wpcf7-form-control-wrap\" data-name=\"your-email\"><input size=\"40\" maxlength=\"400\" class=\"wpcf7-form-control wpcf7-email wpcf7-validates-as-required wpcf7-text wpcf7-validates-as-email\" aria-required=\"true\" aria-invalid=\"false\" value=\"\" type=\"email\" name=\"your-email\" \/><\/span> <\/label>\n<\/p>\n<p><label> Objet<br \/>\n<span class=\"wpcf7-form-control-wrap\" data-name=\"your-subject\"><input size=\"40\" maxlength=\"400\" class=\"wpcf7-form-control wpcf7-text\" aria-invalid=\"false\" value=\"\" type=\"text\" name=\"your-subject\" \/><\/span> <\/label>\n<\/p>\n<p><label> Votre message<br \/>\n<span class=\"wpcf7-form-control-wrap\" data-name=\"your-message\"><textarea cols=\"40\" rows=\"10\" maxlength=\"2000\" class=\"wpcf7-form-control wpcf7-textarea\" aria-invalid=\"false\" name=\"your-message\"><\/textarea><\/span> <\/label>\n<\/p>\n<p><input class=\"wpcf7-form-control wpcf7-submit has-spinner\" type=\"submit\" value=\"Envoyer\" \/>\n<\/p><div class=\"wpcf7-response-output\" aria-hidden=\"true\"><\/div>\n<\/form>\n<\/div>\n\n","protected":false},"excerpt":{"rendered":"","protected":false},"author":2,"featured_media":0,"parent":0,"menu_order":0,"comment_status":"closed","ping_status":"closed","template":"","meta":{"kt_blocks_editor_width":"","footnotes":""},"class_list":["post-240","page","type-page","status-publish","hentry"],"yoast_head":"<!-- This site is optimized with the Yoast SEO plugin v24.6 - https:\/\/yoast.com\/wordpress\/plugins\/seo\/ -->\n<title>Contact - Eglise Protestante \u00c9vang\u00e9lique de Roscoff<\/title>\n<meta name=\"robots\" content=\"index, follow, max-snippet:-1, max-image-preview:large, max-video-preview:-1\" \/>\n<link rel=\"canonical\" href=\"https:\/\/eper.bzh\/index.php\/contact\/\" \/>\n<meta property=\"og:locale\" content=\"fr_FR\" \/>\n<meta property=\"og:type\" content=\"article\" \/>\n<meta property=\"og:title\" content=\"Contact - Eglise Protestante \u00c9vang\u00e9lique de Roscoff\" \/>\n<meta property=\"og:url\" content=\"https:\/\/eper.bzh\/index.php\/contact\/\" \/>\n<meta property=\"og:site_name\" content=\"Eglise Protestante \u00c9vang\u00e9lique de Roscoff\" \/>\n<meta name=\"twitter:card\" content=\"summary_large_image\" \/>\n<script type=\"application\/ld+json\" class=\"yoast-schema-graph\">{\"@context\":\"https:\/\/schema.org\",\"@graph\":[{\"@type\":\"WebPage\",\"@id\":\"https:\/\/eper.bzh\/index.php\/contact\/\",\"url\":\"https:\/\/eper.bzh\/index.php\/contact\/\",\"name\":\"Contact - Eglise Protestante \u00c9vang\u00e9lique de Roscoff\",\"isPartOf\":{\"@id\":\"https:\/\/eper.bzh\/#website\"},\"datePublished\":\"2019-01-07T18:38:14+00:00\",\"breadcrumb\":{\"@id\":\"https:\/\/eper.bzh\/index.php\/contact\/#breadcrumb\"},\"inLanguage\":\"fr-FR\",\"potentialAction\":[{\"@type\":\"ReadAction\",\"target\":[\"https:\/\/eper.bzh\/index.php\/contact\/\"]}]},{\"@type\":\"BreadcrumbList\",\"@id\":\"https:\/\/eper.bzh\/index.php\/contact\/#breadcrumb\",\"itemListElement\":[{\"@type\":\"ListItem\",\"position\":1,\"name\":\"Accueil\",\"item\":\"https:\/\/eper.bzh\/\"},{\"@type\":\"ListItem\",\"position\":2,\"name\":\"Contact\"}]},{\"@type\":\"WebSite\",\"@id\":\"https:\/\/eper.bzh\/#website\",\"url\":\"https:\/\/eper.bzh\/\",\"name\":\"Eglise Protestante \u00c9vang\u00e9lique de Roscoff\",\"description\":\"Chr\u00e9tiens \u00e9vang\u00e9liques du pays du Leon et du Tregor\",\"publisher\":{\"@id\":\"https:\/\/eper.bzh\/#organization\"},\"potentialAction\":[{\"@type\":\"SearchAction\",\"target\":{\"@type\":\"EntryPoint\",\"urlTemplate\":\"https:\/\/eper.bzh\/?s={search_term_string}\"},\"query-input\":{\"@type\":\"PropertyValueSpecification\",\"valueRequired\":true,\"valueName\":\"search_term_string\"}}],\"inLanguage\":\"fr-FR\"},{\"@type\":\"Organization\",\"@id\":\"https:\/\/eper.bzh\/#organization\",\"name\":\"Eglise Protestante Evang\u00e9lique de Roscoff\",\"url\":\"https:\/\/eper.bzh\/\",\"logo\":{\"@type\":\"ImageObject\",\"inLanguage\":\"fr-FR\",\"@id\":\"https:\/\/eper.bzh\/#\/schema\/logo\/image\/\",\"url\":\"http:\/\/eper.bzh\/wp-content\/uploads\/2018\/08\/logo100.jpg\",\"contentUrl\":\"http:\/\/eper.bzh\/wp-content\/uploads\/2018\/08\/logo100.jpg\",\"width\":100,\"height\":121,\"caption\":\"Eglise Protestante Evang\u00e9lique de Roscoff\"},\"image\":{\"@id\":\"https:\/\/eper.bzh\/#\/schema\/logo\/image\/\"}}]}<\/script>\n<!-- \/ Yoast SEO plugin. -->","yoast_head_json":{"title":"Contact - Eglise Protestante \u00c9vang\u00e9lique de Roscoff","robots":{"index":"index","follow":"follow","max-snippet":"max-snippet:-1","max-image-preview":"max-image-preview:large","max-video-preview":"max-video-preview:-1"},"canonical":"https:\/\/eper.bzh\/index.php\/contact\/","og_locale":"fr_FR","og_type":"article","og_title":"Contact - Eglise Protestante \u00c9vang\u00e9lique de Roscoff","og_url":"https:\/\/eper.bzh\/index.php\/contact\/","og_site_name":"Eglise Protestante \u00c9vang\u00e9lique de Roscoff","twitter_card":"summary_large_image","schema":{"@context":"https:\/\/schema.org","@graph":[{"@type":"WebPage","@id":"https:\/\/eper.bzh\/index.php\/contact\/","url":"https:\/\/eper.bzh\/index.php\/contact\/","name":"Contact - Eglise Protestante \u00c9vang\u00e9lique de Roscoff","isPartOf":{"@id":"https:\/\/eper.bzh\/#website"},"datePublished":"2019-01-07T18:38:14+00:00","breadcrumb":{"@id":"https:\/\/eper.bzh\/index.php\/contact\/#breadcrumb"},"inLanguage":"fr-FR","potentialAction":[{"@type":"ReadAction","target":["https:\/\/eper.bzh\/index.php\/contact\/"]}]},{"@type":"BreadcrumbList","@id":"https:\/\/eper.bzh\/index.php\/contact\/#breadcrumb","itemListElement":[{"@type":"ListItem","position":1,"name":"Accueil","item":"https:\/\/eper.bzh\/"},{"@type":"ListItem","position":2,"name":"Contact"}]},{"@type":"WebSite","@id":"https:\/\/eper.bzh\/#website","url":"https:\/\/eper.bzh\/","name":"Eglise Protestante \u00c9vang\u00e9lique de Roscoff","description":"Chr\u00e9tiens \u00e9vang\u00e9liques du pays du Leon et du Tregor","publisher":{"@id":"https:\/\/eper.bzh\/#organization"},"potentialAction":[{"@type":"SearchAction","target":{"@type":"EntryPoint","urlTemplate":"https:\/\/eper.bzh\/?s={search_term_string}"},"query-input":{"@type":"PropertyValueSpecification","valueRequired":true,"valueName":"search_term_string"}}],"inLanguage":"fr-FR"},{"@type":"Organization","@id":"https:\/\/eper.bzh\/#organization","name":"Eglise Protestante Evang\u00e9lique de Roscoff","url":"https:\/\/eper.bzh\/","logo":{"@type":"ImageObject","inLanguage":"fr-FR","@id":"https:\/\/eper.bzh\/#\/schema\/logo\/image\/","url":"http:\/\/eper.bzh\/wp-content\/uploads\/2018\/08\/logo100.jpg","contentUrl":"http:\/\/eper.bzh\/wp-content\/uploads\/2018\/08\/logo100.jpg","width":100,"height":121,"caption":"Eglise Protestante Evang\u00e9lique de Roscoff"},"image":{"@id":"https:\/\/eper.bzh\/#\/schema\/logo\/image\/"}}]}},"_links":{"self":[{"href":"https:\/\/eper.bzh\/index.php\/wp-json\/wp\/v2\/pages\/240","targetHints":{"allow":["GET"]}}],"collection":[{"href":"https:\/\/eper.bzh\/index.php\/wp-json\/wp\/v2\/pages"}],"about":[{"href":"https:\/\/eper.bzh\/index.php\/wp-json\/wp\/v2\/types\/page"}],"author":[{"embeddable":true,"href":"https:\/\/eper.bzh\/index.php\/wp-json\/wp\/v2\/users\/2"}],"replies":[{"embeddable":true,"href":"https:\/\/eper.bzh\/index.php\/wp-json\/wp\/v2\/comments?post=240"}],"version-history":[{"count":1,"href":"https:\/\/eper.bzh\/index.php\/wp-json\/wp\/v2\/pages\/240\/revisions"}],"predecessor-version":[{"id":241,"href":"https:\/\/eper.bzh\/index.php\/wp-json\/wp\/v2\/pages\/240\/revisions\/241"}],"wp:attachment":[{"href":"https:\/\/eper.bzh\/index.php\/wp-json\/wp\/v2\/media?parent=240"}],"curies":[{"name":"wp","href":"https:\/\/api.w.org\/{rel}","templated":true}]}}